{"id":983,"date":"2016-07-06T17:52:02","date_gmt":"2016-07-06T17:52:02","guid":{"rendered":"http:\/\/heizoelpreisevergleich.berlin\/?page_id=2"},"modified":"2018-03-16T10:24:33","modified_gmt":"2018-03-16T10:24:33","slug":"home","status":"publish","type":"page","link":"http:\/\/heizoelpreisevergleich.berlin\/","title":{"rendered":"Home"},"content":{"rendered":"<p><div class=\"fusion-fullwidth fullwidth-box fusion-builder-row-1 nonhundred-percent-fullwidth non-hundred-percent-height-scrolling\" style=\"background-color: rgba(255,255,255,0);background-position: center center;background-repeat: no-repeat;padding-top:0px;padding-right:30px;padding-bottom:0px;padding-left:30px;margin-bottom: 0px;margin-top: 0px;border-width: 0px 0px 0px 0px;border-color:#eae9e9;border-style:solid;\" ><div class=\"fusion-builder-row fusion-row\"><div class=\"fusion-layout-column fusion_builder_column fusion-builder-column-0 fusion_builder_column_1_1 1_1 fusion-one-full fusion-column-first fusion-column-last\" style=\"margin-top:0px;margin-bottom:20px;\"><div class=\"fusion-column-wrapper fusion-flex-column-wrapper-legacy\" style=\"background-position:left top;background-repeat:no-repeat;-webkit-background-size:cover;-moz-background-size:cover;-o-background-size:cover;background-size:cover;padding: 70px 0px 0px 45px;\"><div class=\"fusion-menu-anchor\" id=\"Preisrechner\"><\/div><div class=\"fusion-text fusion-text-1\"><h4>Heiz\u00f6l-Vergleich: g\u00fcnstige Heiz\u00f6lpreise f\u00fcr Berlin finden<\/h4>\n<p>Energiekosten wie beispielsweise f\u00fcr Heiz\u00f6l haben f\u00fcr Privathaushalte und Unternehmen in Berlin eine hohe Bedeutung. Die Entwicklung der Heiz\u00f6lpreise ist in der Regel abh\u00e4ngig von Angebot und Nachfrage, aber auch von der aktuellen Stimmungslage an den internationalen Rohstoff-B\u00f6rsen. Wichtig ist daher, mithilfe eines professionellen Heiz\u00f6lpreis-Rechners einen g\u00fcnstigen Heiz\u00f6lh\u00e4ndler in Berlin zu finden.<\/p>\n<\/div><div class=\"fusion-clearfix\"><\/div><\/div><\/div><div class=\"fusion-layout-column fusion_builder_column fusion-builder-column-1 fusion_builder_column_1_1 1_1 fusion-one-full fusion-column-first fusion-column-last\" style=\"margin-top:0px;margin-bottom:20px;\"><div class=\"fusion-column-wrapper fusion-flex-column-wrapper-legacy\" style=\"background-position:left top;background-repeat:no-repeat;-webkit-background-size:cover;-moz-background-size:cover;-o-background-size:cover;background-size:cover;padding: 0px 0px 0px 45px;\"><div class=\"fusion-text fusion-text-2\"><h4>H\u00e4ndler-abh\u00e4ngige Heiz\u00f6lpreise<\/h4>\n<p>Seit Jahrzehnten gibt es bei den Heiz\u00f6lpreisen auch in Berlin ein stetiges Auf und Ab. Nach einer Phase recht hoher Heiz\u00f6lpreise kam es in den letzten Jahren zu einem deutlichen Abschwung. Auf diesem recht niedrigen Preisniveau hat der Heiz\u00f6lpreis sich offenbar nun etwas eingependelt. Mit unserem Heiz\u00f6l-Rechner finden Sie unkompliziert unterschiedliche Angebote der Heiz\u00f6lh\u00e4ndler aus Berlin.<\/p>\n<h4>Heiz\u00f6l-Vergleich dauert nur wenige Augenblicke<\/h4>\n<p>Unser kostenloser Heiz\u00f6l-Vergleich bietet Ihnen dabei ein sch\u00f6nes Einsparpotenzial. Anhand Ihrer Postleitzahl, der gew\u00fcnschten Liefermenge sowie der Anzahl der Abladestellen ermitteln wir f\u00fcr Sie einen g\u00fcnstigen H\u00e4ndler in Ihrer Region. Damit vermeiden Sie eine l\u00e4stige und umst\u00e4ndliche Suche \u00fcber Internet oder Telefon. Haben Sie sich f\u00fcr einen Anbieter entschieden, k\u00f6nnen Sie direkt online bei diesem H\u00e4ndler Ihr Heiz\u00f6l bestellen.<\/p>\n<\/div><div class=\"fusion-clearfix\"><\/div><\/div><\/div><div class=\"fusion-layout-column fusion_builder_column fusion-builder-column-2 fusion_builder_column_2_3 2_3 fusion-two-third fusion-column-first\" style=\"width:66.666666666667%;width:calc(66.666666666667% - ( ( 4% ) * 0.66666666666667 ) );margin-right: 4%;margin-top:0px;margin-bottom:20px;\"><div class=\"fusion-column-wrapper fusion-flex-column-wrapper-legacy\" style=\"background-position:left top;background-repeat:no-repeat;-webkit-background-size:cover;-moz-background-size:cover;-o-background-size:cover;background-size:cover;padding: 45px 0px 0px 0px;\"><div class=\"fusion-text fusion-text-3\"><p><iframe style=\"display: block;\" src=\"https:\/\/preisrechner.enxa.de\/index-ext.php?ref=123456\" name=\"Preisrechner\" width=\"800\" height=\"800\" frameborder=\"3\">Der Preisrechner steht in K\u00fcrze wieder f\u00fcr Sie zur Verf\u00fcgung\u00a0<\/p>\n<p><\/iframe><\/p>\n<\/div><div class=\"fusion-clearfix\"><\/div><\/div><\/div><div class=\"fusion-layout-column fusion_builder_column fusion-builder-column-3 fusion_builder_column_1_3 1_3 fusion-one-third fusion-column-last\" style=\"width:33.333333333333%;width:calc(33.333333333333% - ( ( 4% ) * 0.33333333333333 ) );margin-top:0px;margin-bottom:20px;\"><div class=\"fusion-column-wrapper fusion-flex-column-wrapper-legacy\" style=\"background-position:left top;background-repeat:no-repeat;-webkit-background-size:cover;-moz-background-size:cover;-o-background-size:cover;background-size:cover;padding: 50px 0px 0px 50px;\"><div class=\"fusion-text fusion-text-4\"><div class=\"fb-page\" data-href=\"https:\/\/www.facebook.com\/Enxa-Energieportal-151817278212803\/\" data-tabs=\"timeline\" data-width=\"500\" data-height=\"507\" data-small-header=\"false\" data-adapt-container-width=\"true\" data-hide-cover=\"false\" data-show-facepile=\"false\">\n<blockquote class=\"fb-xfbml-parse-ignore\" cite=\"https:\/\/www.facebook.com\/Enxa-Energieportal-151817278212803\/\">\n<p><a href=\"https:\/\/www.facebook.com\/Enxa-Energieportal-151817278212803\/\">Enxa Energieportal<\/a><\/p>\n<\/blockquote>\n<\/div>\n<\/div><div class=\"fusion-clearfix\"><\/div><\/div><\/div><\/div><\/div>\n<div class=\"fusion-fullwidth fullwidth-box fusion-builder-row-2 nonhundred-percent-fullwidth non-hundred-percent-height-scrolling\" style=\"background-color: rgba(255,255,255,0);background-position: center center;background-repeat: no-repeat;padding-top:0px;padding-right:30px;padding-bottom:0px;padding-left:70px;margin-bottom: 0px;margin-top: 0px;border-width: 5px 0px 5px 0px;border-color:#eae9e9;border-style:solid;\" ><div class=\"fusion-builder-row fusion-row\"><div class=\"fusion-layout-column fusion_builder_column fusion-builder-column-4 fusion_builder_column_1_1 1_1 fusion-one-full fusion-column-first fusion-column-last\" style=\"margin-top:0px;margin-bottom:20px;\"><div class=\"fusion-column-wrapper fusion-flex-column-wrapper-legacy\" style=\"background-position:left top;background-repeat:no-repeat;-webkit-background-size:cover;-moz-background-size:cover;-o-background-size:cover;background-size:cover;padding: 45px 0px 0px 0px;\"><div class=\"fusion-menu-anchor\" id=\"Impressum\"><\/div><div class=\"fusion-text fusion-text-5\"><h3>Impressum<\/h3>\n<\/div><div class=\"fusion-text fusion-text-6\"><h4>heizoelpreisevergleich.berlin\u00a0\u2013\u00a0Heiz\u00f6l Preisvergleich<\/h4>\n<p>Hinweis nach Telemediengesetz (TMG):<\/p>\n<p>Verantwortlich f\u00fcr den Inhalt des Internet-Auftritts:<\/p>\n<p>J\u00fcrgen Hilpert (Inh.)<br \/> Bahnhofstr. 3<br \/> D \u2013 78224 Singen<\/p>\n<p>Tel. +49 \/ (0)7731 \/ 62026<\/p>\n<p>E-Mail: <a href=\"mailto:info@enxa.de\">info@enxa.de<\/a><\/p>\n<p>Internet: <a href=\"http:\/\/www.heizoelpreisevergleich.berlin\">www.heizoelpreisevergleich.berlin<\/a><\/p>\n<p>Umsatzsteuer-ID gem. \u00a7 27 UStG: DE259965295<\/p>\n<p><strong>Hinweis zum Datenschutz:<\/strong><br \/> Der Schutz personenbezogener Daten ist uns ein besonderes Anliegen. Wir gehen sorgf\u00e4ltig und gewissenhaft mit personenbezogenen Daten unserer Nutzer um und halten uns an die gesetzlichen Bestimmungen. Wir halten die gesetzlichen Aufbewahrungspflichten und -fristen ein und l\u00f6schen nach Ablauf die Daten.<\/p>\n<p>Sofern innerhalb des Internetangebotes pers\u00f6nliche oder gesch\u00e4ftliche Daten (Namen, Anschriften, E-Mail-Adressen, etc.) eingegeben werden k\u00f6nnen, erfolgt die Preisgabe dieser Daten seitens des Nutzers auf ausdr\u00fccklich freiwilliger Basis.<\/p>\n<p>enxa speichert und verarbeitet ausschlie\u00dflich die f\u00fcr die Gesch\u00e4ftsabwicklung und den Gesch\u00e4ftsbetrieb notwendigen Daten nach Ma\u00dfgabe der gesetzlichen Bestimmungen und gibt grunds\u00e4tzlich keine Nutzerdaten an Dritte weiter. In Ausnahmef\u00e4llen kann jedoch eine gesetzliche Pflicht bestehen, an folgende Dritte Daten mitzuteilen:<\/p>\n<ul>\n<li>an \u00f6ffentliche Stellen aufgrund von Rechtsvorschriften;<\/li>\n<li>an Dritte nach Kundenauftrag bzw. im Rahmen der Auftragsdatenverarbeitung, \u00a7 11 Bundesdatenschutzgesetz (BDSG). Nur im Falle einer Bestellung werden die Daten weitergeleitet, die zum Vertragsschluss bzw. zur Vertragsabwicklung erforderlich sind und diese auch nur an den entsprechenden Partnerh\u00e4ndler \/ Lieferanten;<\/li>\n<li>an bestimmte Verbraucherschutzverb\u00e4nde.<\/li>\n<\/ul>\n<p>enxa unterzieht in diesen F\u00e4llen die Sachlage vor Herausgabe der Daten jedoch einer sorgf\u00e4ltigen Pr\u00fcfung.<\/p>\n<p>enxa bietet immer wieder Links zu Drittanbietern an, um den Nutzern ein m\u00f6glichst gro\u00dfes Angebot an Informationen zu geben. Durch Klicks auf solche Links verl\u00e4sst der Nutzer bewusst die Internetseiten von enxa. Gibt er dann personenbezogene Daten an diese Drittanbieter weiter, stehen diese nicht mehr unter dem Schutz der Datenschutzerkl\u00e4rung und der AGB von enxa.<\/p>\n<p>Das Verwenden der im Rahmen des Impressums oder vergleichbarer Angaben ver\u00f6ffentlichten Kontaktdaten wie Anschriften, Telefon- und Faxnummern bzw. E-Mail-Adressen durch Dritte zur \u00dcbersendung von nicht ausdr\u00fccklich angeforderten Mitteilungen ist nicht gestattet. Rechtliche Schritte gegen Spam-Mail-Versender bei Verst\u00f6ssen gegen dieses Verbot sind ausdr\u00fccklich vorbehalten.<\/p>\n<p>Verantwortliche Stelle im Sinne des BDSG ist: enxa Energieportal, Bahnhofstr. 3, D-78224 Singen; E-Mail: <a href=\"mailto:info@enxa.de\">info@enxa.de<\/a><\/p>\n<p><strong>Haftungshinweis:<\/strong><br \/> enxa (Inh. J\u00fcrgen Hilpert) \u00fcbernimmt keine Gew\u00e4hr f\u00fcr Aktualit\u00e4t, Richtigkeit, Vollst\u00e4ndigkeit oder Qualit\u00e4t der bereitgestellten Informationen sowie f\u00fcr einen st\u00f6rungsfreien Zugang. Haftungsanspr\u00fcche, welche sich auf Sch\u00e4den materieller oder ideeller Art beziehen, die durch die Nutzung oder Nichtnutzung der dargebotenen Angebote und Informationen bzw. durch die Nutzung fehlerhafter und unvollst\u00e4ndiger Angebote und Informationen verursacht wurden, sind grunds\u00e4tzlich ausgeschlossen, sofern nicht seitens enxa nachweislich ein vors\u00e4tzliches oder grob fahrl\u00e4ssiges Veschulden vorliegt.<\/p>\n<p>S\u00e4mtliche Nutzungsangebote sind freibleibend und unverbindlich. Enxa beh\u00e4lt es sich vor, Teile der Internetseiten oder das gesamte Angebot ohne gesonderte Ank\u00fcndigung zu ver\u00e4ndern, zu erg\u00e4nzen, zu l\u00f6schen oder die Ver\u00f6ffentlichung zeitweise oder endg\u00fcltig einzustellen.<\/p>\n<p>enxa \u00fcbernimmt keine Haftung oder Gew\u00e4hrleistung zu den Vertr\u00e4gen zwischen den Nutzern und den Partnerh\u00e4ndlern. Insbesondere haftet enxa gegen\u00fcber den Vertragsteilnehmern nicht f\u00fcr die Eigenschaften, die Qualit\u00e4t und die Verf\u00fcgbarkeit der vereinbarten Leistungen und f\u00fcr direkte Sch\u00e4den oder Folgesch\u00e4den aus dem Vertragsverh\u00e4ltnis zwischen dem Nutzer und dem Partnerh\u00e4ndler.<\/p>\n<p>enxa identifiziert sich nicht mit verlinkten Inhalten und tr\u00e4gt keine Verantwortung f\u00fcr deren inhaltliche Richtigkeit, Vollst\u00e4ndigkeit und Aktualit\u00e4t. enxa haftet daher \u2013 trotz sorgf\u00e4ltiger inhaltlicher Kontrolle \u2013 nicht f\u00fcr Sch\u00e4den, die Nutzern oder Dritten durch die Nutzung der auf der enxa-Plattform befindlichen Links und deren dahinter liegenden Inhalte entstehen. Hierf\u00fcr sind ausschlie\u00dflich deren Betreiber verantwortlich.<\/p>\n<p>Dieser Haftungsausschluss ist als Teil des kompletten Internetangebotes zu betrachten. Sollten Teile dieses Textes der geltenden Rechtslage nicht, nicht mehr oder nicht vollst\u00e4ndig entsprechen, bleiben die \u00fcbrigen Teile in ihrem Inhalt und ihrer G\u00fcltigkeit davon unber\u00fchrt.<\/p>\n<p><strong>Hinweis zum Urheber- und Kennzeichenrecht<br \/> <\/strong>enxa ist bestrebt, bei verwendeten Bildern, Grafiken, Texten, Tondokumenten und Videosequenzen die jeweiligen Urheberrechte zu beachten, eigene, selbst erstellte Bilder, Grafiken, Texte, Tondokumente und Videosequenzen zu nutzen oder auf lizenzfreie Bilder, Grafiken, Texte, Tondokumente und Videosequenzen zur\u00fcckzugreifen.<\/p>\n<p>Alle innerhalb des Internetangebotes genannten und gegebenenfalls durch Dritte gesch\u00fctzten Marken- und Warenzeichen unterliegen den Besitzrechten der jeweiligen eingetragenen Eigent\u00fcrmer. Allein aufgrund blo\u00dfer Nennung kann nicht der Umkehrschluss gezogen werden, dass Markenzeichen nicht durch Rechte Dritter gesch\u00fctzt sind. Einzelne Bilder stammen von istockphoto.com.<\/p>\n<p>Gestaltung und Inhalt (z. B. redaktionelle Beitr\u00e4ge) der Internetseiten von enxa sind urheberrechtlich gesch\u00fctzt, auch einzelne Elemente hieraus. Das Copyright f\u00fcr ver\u00f6ffentlichte, von enxa selbst erstellte Objekte bleibt allein bei enxa. Die Vervielf\u00e4ltigung und \/ oder Verwendung solcher Bilder, Grafiken, Texte, Tondokumente und Videosequenzen in anderen elektronischen oder gedruckten Publikationen ist \u2013 auch auszugsweise \u2013 ohne die ausdr\u00fcckliche Zustimmung von enxa nicht gestattet. Zitate sind ausschlie\u00dflich mit Herkunftsnachweis abzubilden.<\/p>\n<p><strong>Hinweis auf die Verwendung von Google Analytics<br \/> <\/strong>Diese Website benutzt Google Analytics, einen Webanalysedienst der Google Inc. (\u201eGoogle\u201c). Google Analytics verwendet sog. \u201eCookies\u201c, Textdateien, die auf Ihrem Computer gespeichert werden und die eine Analyse der Benutzung der Website durch Sie erm\u00f6glichen. Die durch den Cookie erzeugten Informationen \u00fcber Ihre Benutzung dieser Website (einschlie\u00dflich Ihrer IP-Adresse) wird an einen Server von Google in den USA \u00fcbertragen und dort gespeichert. Google wird diese Informationen benutzen, um Ihre Nutzung der Website auszuwerten, um Reports \u00fcber die Websiteaktivit\u00e4ten f\u00fcr die Websitebetreiber zusammenzustellen und um weitere mit der Websitenutzung und der Internetnutzung verbundene Dienstleistungen zu erbringen. Auch wird Google diese Informationen gegebenenfalls an Dritte \u00fcbertragen, sofern dies gesetzlich vorgeschrieben oder soweit Dritte diese Daten im Auftrag von Google verarbeiten. Google wird in keinem Fall Ihre IP-Adresse mit anderen Daten von Google in Verbindung bringen. Sie k\u00f6nnen die Installation der Cookies durch eine entsprechende Einstellung Ihrer Browser Software verhindern; wir weisen Sie jedoch darauf hin, dass Sie in diesem Fall gegebenenfalls nicht s\u00e4mtliche Funktionen dieser Website vollumf\u00e4nglich nutzen k\u00f6nnen. Durch die Nutzung dieser Website erkl\u00e4ren Sie sich mit der Bearbeitung der \u00fcber Sie erhobenen Daten durch Google in der zuvor beschriebenen Art und Weise und zu dem zuvor benannten Zweck einverstanden.<\/p>\n<div>\n<p><strong>Datenschutzerkl\u00e4rung f\u00fcr die Nutzung von Facebook-Plugins (Like-Button)<br \/> <\/strong>Auf unseren Seiten sind Plugins des sozialen Netzwerks Facebook, 1601 South California Avenue, Palo Alto, CA 94304, USA integriert. Die Facebook-Plugins erkennen Sie an dem Facebook-Logo oder dem \u201cLike-Button\u201d (\u201cGef\u00e4llt mir\u201c) auf unserer Seite. Eine \u00dcbersicht \u00fcber die Facebook-Plugins finden Sie hier:<a href=\"http:\/\/developers.facebook.com\/docs\/plugins\/\" target=\"_blank\" rel=\"noopener\">http:\/\/developers.facebook.com\/docs\/plugins\/<\/a> Wenn Sie unsere Seiten besuchen, wird \u00fcber das Plugin eine direkte Verbindung zwischen Ihrem Browser und dem Facebook-Server hergestellt. Facebook erh\u00e4lt dadurch die Information, dass Sie mit Ihrer IP-Adresse unsere Seite besucht haben. Wenn Sie den Facebook \u201eLike-Button\u201c anklicken w\u00e4hrend Sie in Ihrem Facebook-Account eingeloggt sind, k\u00f6nnen Sie die Inhalte unserer Seiten auf Ihrem Facebook-Profil verlinken. Dadurch kann Facebook den Besuch unserer Seiten Ihrem Benutzerkonto zuordnen. Wir weisen darauf hin, dass wir als Anbieter der Seiten keine Kenntnis vom Inhalt der \u00fcbermittelten Daten sowie deren Nutzung durch Facebook erhalten. Weitere Informationen hierzu finden Sie in der Datenschutzerkl\u00e4rung von facebook unter <a href=\"http:\/\/de-de.facebook.com\/policy.php\" target=\"_blank\" rel=\"noopener\">http:\/\/de-de.facebook.com\/policy.php<\/a><\/p>\n<p>Wenn Sie nicht w\u00fcnschen, dass Facebook den Besuch unserer Seiten Ihrem Facebook-Nutzerkonto zuordnen kann, loggen Sie sich bitte aus Ihrem Facebook-Benutzerkonto aus.<\/p>\n<p>Quelle: <a href=\"http:\/\/www.e-recht24.de\/artikel\/datenschutz\/6590-facebook-like-button-datenschutz-disclaimer.html\" target=\"_blank\" rel=\"noopener\">Facebook-Disclaimer von eRecht24.de<\/a><\/p>\n<\/div>\n<\/div><div class=\"fusion-clearfix\"><\/div><\/div><\/div><\/div><\/div>\n<\/p>\n","protected":false},"excerpt":{"rendered":"","protected":false},"author":1,"featured_media":0,"parent":0,"menu_order":0,"comment_status":"closed","ping_status":"open","template":"100-width.php","meta":{"_bbp_topic_count":0,"_bbp_reply_count":0,"_bbp_total_topic_count":0,"_bbp_total_reply_count":0,"_bbp_voice_count":0,"_bbp_anonymous_reply_count":0,"_bbp_topic_count_hidden":0,"_bbp_reply_count_hidden":0,"_bbp_forum_subforum_count":0,"footnotes":""},"class_list":["post-983","page","type-page","status-publish","hentry"],"yoast_head":"<!-- This site is optimized with the Yoast SEO plugin v24.9 - https:\/\/yoast.com\/wordpress\/plugins\/seo\/ -->\n<title>Home - heizoelpreisevergleich.berlin<\/title>\n<meta name=\"robots\" content=\"index, follow, max-snippet:-1, max-image-preview:large, max-video-preview:-1\" \/>\n<link rel=\"canonical\" href=\"http:\/\/heizoelpreisevergleich.berlin\/\" \/>\n<meta property=\"og:locale\" content=\"de_DE\" \/>\n<meta property=\"og:type\" content=\"article\" \/>\n<meta property=\"og:title\" content=\"Home - heizoelpreisevergleich.berlin\" \/>\n<meta property=\"og:url\" content=\"http:\/\/heizoelpreisevergleich.berlin\/\" \/>\n<meta property=\"og:site_name\" content=\"heizoelpreisevergleich.berlin\" \/>\n<meta property=\"article:modified_time\" content=\"2018-03-16T10:24:33+00:00\" \/>\n<meta name=\"twitter:card\" content=\"summary_large_image\" \/>\n<script type=\"application\/ld+json\" class=\"yoast-schema-graph\">{\"@context\":\"https:\/\/schema.org\",\"@graph\":[{\"@type\":\"WebPage\",\"@id\":\"http:\/\/heizoelpreisevergleich.berlin\/\",\"url\":\"http:\/\/heizoelpreisevergleich.berlin\/\",\"name\":\"Home - heizoelpreisevergleich.berlin\",\"isPartOf\":{\"@id\":\"http:\/\/heizoelpreisevergleich.berlin\/#website\"},\"datePublished\":\"2016-07-06T17:52:02+00:00\",\"dateModified\":\"2018-03-16T10:24:33+00:00\",\"breadcrumb\":{\"@id\":\"http:\/\/heizoelpreisevergleich.berlin\/#breadcrumb\"},\"inLanguage\":\"de\",\"potentialAction\":[{\"@type\":\"ReadAction\",\"target\":[\"http:\/\/heizoelpreisevergleich.berlin\/\"]}]},{\"@type\":\"BreadcrumbList\",\"@id\":\"http:\/\/heizoelpreisevergleich.berlin\/#breadcrumb\",\"itemListElement\":[{\"@type\":\"ListItem\",\"position\":1,\"name\":\"Startseite\",\"item\":\"http:\/\/heizoelpreisevergleich.berlin\/\"},{\"@type\":\"ListItem\",\"position\":2,\"name\":\"Home\"}]},{\"@type\":\"WebSite\",\"@id\":\"http:\/\/heizoelpreisevergleich.berlin\/#website\",\"url\":\"http:\/\/heizoelpreisevergleich.berlin\/\",\"name\":\"heizoelpreisevergleich.berlin\",\"description\":\"cleverer heizen\",\"potentialAction\":[{\"@type\":\"SearchAction\",\"target\":{\"@type\":\"EntryPoint\",\"urlTemplate\":\"http:\/\/heizoelpreisevergleich.berlin\/?s={search_term_string}\"},\"query-input\":{\"@type\":\"PropertyValueSpecification\",\"valueRequired\":true,\"valueName\":\"search_term_string\"}}],\"inLanguage\":\"de\"}]}<\/script>\n<!-- \/ Yoast SEO plugin. -->","yoast_head_json":{"title":"Home - heizoelpreisevergleich.berlin","robots":{"index":"index","follow":"follow","max-snippet":"max-snippet:-1","max-image-preview":"max-image-preview:large","max-video-preview":"max-video-preview:-1"},"canonical":"http:\/\/heizoelpreisevergleich.berlin\/","og_locale":"de_DE","og_type":"article","og_title":"Home - heizoelpreisevergleich.berlin","og_url":"http:\/\/heizoelpreisevergleich.berlin\/","og_site_name":"heizoelpreisevergleich.berlin","article_modified_time":"2018-03-16T10:24:33+00:00","twitter_card":"summary_large_image","schema":{"@context":"https:\/\/schema.org","@graph":[{"@type":"WebPage","@id":"http:\/\/heizoelpreisevergleich.berlin\/","url":"http:\/\/heizoelpreisevergleich.berlin\/","name":"Home - heizoelpreisevergleich.berlin","isPartOf":{"@id":"http:\/\/heizoelpreisevergleich.berlin\/#website"},"datePublished":"2016-07-06T17:52:02+00:00","dateModified":"2018-03-16T10:24:33+00:00","breadcrumb":{"@id":"http:\/\/heizoelpreisevergleich.berlin\/#breadcrumb"},"inLanguage":"de","potentialAction":[{"@type":"ReadAction","target":["http:\/\/heizoelpreisevergleich.berlin\/"]}]},{"@type":"BreadcrumbList","@id":"http:\/\/heizoelpreisevergleich.berlin\/#breadcrumb","itemListElement":[{"@type":"ListItem","position":1,"name":"Startseite","item":"http:\/\/heizoelpreisevergleich.berlin\/"},{"@type":"ListItem","position":2,"name":"Home"}]},{"@type":"WebSite","@id":"http:\/\/heizoelpreisevergleich.berlin\/#website","url":"http:\/\/heizoelpreisevergleich.berlin\/","name":"heizoelpreisevergleich.berlin","description":"cleverer heizen","potentialAction":[{"@type":"SearchAction","target":{"@type":"EntryPoint","urlTemplate":"http:\/\/heizoelpreisevergleich.berlin\/?s={search_term_string}"},"query-input":{"@type":"PropertyValueSpecification","valueRequired":true,"valueName":"search_term_string"}}],"inLanguage":"de"}]}},"_links":{"self":[{"href":"http:\/\/heizoelpreisevergleich.berlin\/index.php?rest_route=\/wp\/v2\/pages\/983","targetHints":{"allow":["GET"]}}],"collection":[{"href":"http:\/\/heizoelpreisevergleich.berlin\/index.php?rest_route=\/wp\/v2\/pages"}],"about":[{"href":"http:\/\/heizoelpreisevergleich.berlin\/index.php?rest_route=\/wp\/v2\/types\/page"}],"author":[{"embeddable":true,"href":"http:\/\/heizoelpreisevergleich.berlin\/index.php?rest_route=\/wp\/v2\/users\/1"}],"replies":[{"embeddable":true,"href":"http:\/\/heizoelpreisevergleich.berlin\/index.php?rest_route=%2Fwp%2Fv2%2Fcomments&post=983"}],"version-history":[{"count":4,"href":"http:\/\/heizoelpreisevergleich.berlin\/index.php?rest_route=\/wp\/v2\/pages\/983\/revisions"}],"predecessor-version":[{"id":986,"href":"http:\/\/heizoelpreisevergleich.berlin\/index.php?rest_route=\/wp\/v2\/pages\/983\/revisions\/986"}],"wp:attachment":[{"href":"http:\/\/heizoelpreisevergleich.berlin\/index.php?rest_route=%2Fwp%2Fv2%2Fmedia&parent=983"}],"curies":[{"name":"wp","href":"https:\/\/api.w.org\/{rel}","templated":true}]}}